{"id":297,"date":"2017-01-13T13:48:33","date_gmt":"2017-01-13T12:48:33","guid":{"rendered":"http:\/\/makalausmat.no\/?page_id=297"},"modified":"2026-01-03T11:59:19","modified_gmt":"2026-01-03T10:59:19","slug":"smamat","status":"publish","type":"page","link":"http:\/\/makalausmat.no\/?page_id=297","title":{"rendered":"Sm\u00e5mat"},"content":{"rendered":"<h6>Sm\u00e5maten v\u00e5r blir laga for hand, p\u00e5 god gammal oppskrift. Kokt p\u00e5 god kraft (storfekj\u00f8tt, salt svinebog og spekeknokar), mykje kj\u00f8tt og h\u00f8veleg med potet, gulrot og gule erter!<\/h6>\n<p style=\"padding-left: 40px;\">Pris:<em>\u00a0<\/em>195kr pr liter<\/p>\n<p>Same pris for frosen\u00a0og fersk, men ikkje alle dagar me har fersk. \u00a0Kvaliteten er heilt lik, s\u00e5 smaksmessig er det ingen forskjell p\u00e5 desse to. Begge er festmat fr\u00e5 Hallingdal!<\/p>\n<p>Om du vil ha ferdig varma utan tilbeh\u00f8yr tek me 220kr pr liter.<\/p>\n<p><em>Om du ynskjer ferdig varma m\/tilbeh\u00f8yr lagt p\u00e5 fat (Catering <\/em>\u00a0&#8211; 0,5l pr pers, 2 lefsekling og loff): er prisen 285kr pr pers.<\/p>\n<p>Ring\/send melding for evt avtale henting (tlf 90547730). Eller kom innom kj\u00f8kkenet p\u00e5 Makalaus Mat\/Sundre Gjestestugu (me er der stort sett utover eftan kvar dag)<\/p>\n","protected":false},"excerpt":{"rendered":"<p>Sm\u00e5maten v\u00e5r blir laga for hand, p\u00e5 god gammal oppskrift. Kokt p\u00e5 god kraft (storfekj\u00f8tt, salt svinebog og spekeknokar), mykje kj\u00f8tt og h\u00f8veleg med potet, gulrot og gule erter! Pris:\u00a0195kr pr liter Same pris for frosen\u00a0og fersk, men ikkje alle dagar me har fersk. \u00a0Kvaliteten er heilt lik, s\u00e5 smaksmessig er det ingen forskjell p\u00e5 desse to. Begge er festmat fr\u00e5 Hallingdal! Om du vil ha ferdig varma utan tilbeh\u00f8yr tek me 220kr pr liter. Om du ynskjer ferdig varma m\/tilbeh\u00f8yr lagt p\u00e5 fat (Catering \u00a0&#8211; 0,5l pr pers, 2 lefsekling og loff): er prisen 285kr pr pers. Ring\/send melding&#8230; <\/p>\n","protected":false},"author":1,"featured_media":0,"parent":0,"menu_order":0,"comment_status":"closed","ping_status":"closed","template":"","meta":{"footnotes":""},"class_list":["post-297","page","type-page","status-publish","hentry"],"_links":{"self":[{"href":"http:\/\/makalausmat.no\/index.php?rest_route=\/wp\/v2\/pages\/297","targetHints":{"allow":["GET"]}}],"collection":[{"href":"http:\/\/makalausmat.no\/index.php?rest_route=\/wp\/v2\/pages"}],"about":[{"href":"http:\/\/makalausmat.no\/index.php?rest_route=\/wp\/v2\/types\/page"}],"author":[{"embeddable":true,"href":"http:\/\/makalausmat.no\/index.php?rest_route=\/wp\/v2\/users\/1"}],"replies":[{"embeddable":true,"href":"http:\/\/makalausmat.no\/index.php?rest_route=%2Fwp%2Fv2%2Fcomments&post=297"}],"version-history":[{"count":24,"href":"http:\/\/makalausmat.no\/index.php?rest_route=\/wp\/v2\/pages\/297\/revisions"}],"predecessor-version":[{"id":899,"href":"http:\/\/makalausmat.no\/index.php?rest_route=\/wp\/v2\/pages\/297\/revisions\/899"}],"wp:attachment":[{"href":"http:\/\/makalausmat.no\/index.php?rest_route=%2Fwp%2Fv2%2Fmedia&parent=297"}],"curies":[{"name":"wp","href":"https:\/\/api.w.org\/{rel}","templated":true}]}}