{"id":29,"date":"2016-11-24T17:31:42","date_gmt":"2016-11-24T16:31:42","guid":{"rendered":"http:\/\/makalausmat.no\/?page_id=29"},"modified":"2026-02-12T14:54:21","modified_gmt":"2026-02-12T13:54:21","slug":"gryter","status":"publish","type":"page","link":"http:\/\/makalausmat.no\/?page_id=29","title":{"rendered":"Catering &#8211; Gryter og Lasagne"},"content":{"rendered":"<p><strong>Dette er prisar for catering.<\/strong><\/p>\n<p>Minimum 15 personer<\/p>\n<p>Salgs og leveringsvilk\u00e5r finn du nederst p\u00e5 sida.<\/p>\n<p>&nbsp;<\/p>\n<p><strong style=\"font-size: revert; text-align: center;\">Heit Kyllinggryte: kr 275,- pr pers<\/strong><\/p>\n<p><strong>Biff Stroganoff: kr 275,-\u00a0<\/strong><strong>pr pers<\/strong><\/p>\n<p><strong>Viltgryte: kr 295,-\u00a0<\/strong><strong>pr pers\u00a0<\/strong><\/p>\n<p>Grytene vert servert med ris, salat, br\u00f8d og sm\u00f8r.<\/p>\n<p>&nbsp;<\/p>\n<p><strong>Lasagne: 275,- pr pers<\/strong><\/p>\n<p>Vert\u00a0servert med salat, br\u00f8d og sm\u00f8r.<\/p>\n<p>&nbsp;<\/p>\n<div class=\"heading wordwrapfix\">\n<div class=\"heading wordwrapfix\">\n<p><strong><em>Salg-og leveringsvilk\u00e5r<\/em><\/strong><\/p>\n<\/div>\n<div class=\"content\"><em>Levering:<\/em><\/p>\n<div class=\"content\"><em>Me\u00a0leverer i heile Hallingdal. Om du vil spare deg for utgiftene ved levering, og heller hente sj\u00f8lv, kan det gjerast avtale om det.<\/em>Me heldt til i Sundrevegen 65 &#8211; Makalaus Mat &#8211; tidlegare Sundre Gjestestugu, \u00c5l &#8211; s\u00e5 levering\/henting foreg\u00e5r der.<\/div>\n<div><\/div>\n<div class=\"content\"><strong><em>Prisar:<\/em><\/strong><\/div>\n<div class=\"content\">Dei avtalte prisane er dei prisane som st\u00e5r p\u00e5 ordrebekreftinga. For &laquo;spesialrettar&raquo; (allergier, vegetar, veganer, oa) der me m\u00e5 bytte ut r\u00e5varer med det me nytter til vanleg, kan det kome tillegg i pris. I tillegg kjem prisen for transport.<\/div>\n<div><\/div>\n<div class=\"content\"><strong>Pris p\u00e5 levering:<\/strong><br \/>\n\u2022 M\u00e5ndag &#8211; fredag: kr 20,-pr km<br \/>\n\u2022 Laurdag &#8211; sundag: kr 25,-pr km<br \/>\n\u2022 Andre helligdagar: kr 30,-pr km<\/div>\n<div class=\"content\"><strong>Minstepris p\u00e5 levering er kr 200,-<\/strong><\/div>\n<\/div>\n<\/div>\n<div><\/div>\n<div class=\"heading wordwrapfix\">\n<div class=\"content\">\n<div class=\"content\"><strong><em>Betaling:<\/em><\/strong><br \/>\nKontantbetaling ved henting (kontant\/kort) eller faktura tilsendt p\u00e5 e-post.<\/div>\n<\/div>\n<div><\/div>\n<div class=\"content\">\n<div class=\"content\"><strong><em>Utstyr:<\/em><\/strong><br \/>\nMaten\u00a0me leverer kan leverast p\u00e5 glassfat\/bolle, st\u00e5lfat\/bolle, bakker, termokassar, m. m (eller eingongsfat\/sk\u00e5ler) ut i fr\u00e5 det\u00a0me meiner h\u00f8ver best. Dette utstyr m\u00e5\u00a0leverast tilbake i rett antall innan 3 dagar.<\/div>\n<\/div>\n<div><\/div>\n<div class=\"content\">\n<div class=\"content\"><strong><em>Endring av ordre:<\/em><\/strong><br \/>\nViss det skal gjerast endringar p\u00e5 bestilling, m\u00e5 det skje seinast 2 dagar f\u00f8r levering.<\/div>\n<\/div>\n<\/div>\n<div class=\"content\"><\/div>\n","protected":false},"excerpt":{"rendered":"<p>Dette er prisar for catering. Minimum 15 personer Salgs og leveringsvilk\u00e5r finn du nederst p\u00e5 sida. &nbsp; Heit Kyllinggryte: kr 275,- pr pers Biff Stroganoff: kr 275,-\u00a0pr pers Viltgryte: kr 295,-\u00a0pr pers\u00a0 Grytene vert servert med ris, salat, br\u00f8d og sm\u00f8r. &nbsp; Lasagne: 275,- pr pers Vert\u00a0servert med salat, br\u00f8d og sm\u00f8r. &nbsp; Salg-og leveringsvilk\u00e5r Levering: Me\u00a0leverer i heile Hallingdal. Om du vil spare deg for utgiftene ved levering, og heller hente sj\u00f8lv, kan det gjerast avtale om det.Me heldt til i Sundrevegen 65 &#8211; Makalaus Mat &#8211; tidlegare Sundre Gjestestugu, \u00c5l &#8211; s\u00e5 levering\/henting foreg\u00e5r der. Prisar: Dei avtalte&#8230; <\/p>\n","protected":false},"author":1,"featured_media":0,"parent":0,"menu_order":3,"comment_status":"closed","ping_status":"closed","template":"","meta":{"footnotes":""},"class_list":["post-29","page","type-page","status-publish","hentry"],"_links":{"self":[{"href":"http:\/\/makalausmat.no\/index.php?rest_route=\/wp\/v2\/pages\/29","targetHints":{"allow":["GET"]}}],"collection":[{"href":"http:\/\/makalausmat.no\/index.php?rest_route=\/wp\/v2\/pages"}],"about":[{"href":"http:\/\/makalausmat.no\/index.php?rest_route=\/wp\/v2\/types\/page"}],"author":[{"embeddable":true,"href":"http:\/\/makalausmat.no\/index.php?rest_route=\/wp\/v2\/users\/1"}],"replies":[{"embeddable":true,"href":"http:\/\/makalausmat.no\/index.php?rest_route=%2Fwp%2Fv2%2Fcomments&post=29"}],"version-history":[{"count":36,"href":"http:\/\/makalausmat.no\/index.php?rest_route=\/wp\/v2\/pages\/29\/revisions"}],"predecessor-version":[{"id":908,"href":"http:\/\/makalausmat.no\/index.php?rest_route=\/wp\/v2\/pages\/29\/revisions\/908"}],"wp:attachment":[{"href":"http:\/\/makalausmat.no\/index.php?rest_route=%2Fwp%2Fv2%2Fmedia&parent=29"}],"curies":[{"name":"wp","href":"https:\/\/api.w.org\/{rel}","templated":true}]}}