{"id":27,"date":"2016-11-24T17:31:06","date_gmt":"2016-11-24T16:31:06","guid":{"rendered":"http:\/\/makalausmat.no\/?page_id=27"},"modified":"2026-02-12T14:48:36","modified_gmt":"2026-02-12T13:48:36","slug":"salatar-og-pasmurt","status":"publish","type":"page","link":"http:\/\/makalausmat.no\/?page_id=27","title":{"rendered":"Catering &#8211; Salatar og P\u00e5smurt"},"content":{"rendered":"<p><strong>Dette er prisar for catering.<\/strong><br \/><br \/>Salgs og leveringsvilk\u00e5r finn du nederst p\u00e5 sida.<br \/><br \/><strong>Pris for koldtbord, sm\u00e5mat, sm\u00f8rbr\u00f8d ol i forbindelse med leige av selskapslokale\/m\u00f8terom finn de under fana &laquo;Selskapslokale\/m\u00f8terom&raquo;. \u00a0<\/strong><br \/><br \/><strong><em>Lunsj-og middagsalat<\/em><\/strong><\/p>\n<ul>\n<li>\n<p>Pastasalat med skinke &#8211;<strong> 149 kr <em>\u00a0pr person<\/em><\/strong><\/p>\n<\/li>\n<li>\n<p>Pastasalat med kylling &#8211; <strong>149 kr<em>\u00a0pr person<\/em><\/strong><\/p>\n<\/li>\n<\/ul>\n<p><em>Salatane vert levert med br\u00f8d og sm\u00f8r.<\/em><\/p>\n<p><br \/><br \/><em><strong>Snittar med:<\/strong><\/em><\/p>\n<ul>\n<li style=\"list-style-type: none;\">\n<ul>\n<li>\n<p>Reker og majones<\/p>\n<\/li>\n<li>\n<p>Roastbiff, lauk og remulade<\/p>\n<\/li>\n<li>\n<p>Spekeskinke og potetsalat<\/p>\n<\/li>\n<li>\n<p>R\u00f8ykelaks og egger\u00f8re<\/p>\n<\/li>\n<li>\n<p>Kalkunfilet, raudlauk, tomat og aioli<\/p>\n<\/li>\n<\/ul>\n<\/li>\n<\/ul>\n<p><strong>Pris pr snitt: 49 kr<\/strong><br \/><br \/><br \/><br \/><em><strong>Klassiske sm\u00f8rbr\u00f8d med:<br \/><\/strong><\/em><\/p>\n<ul>\n<li style=\"list-style-type: none;\">\n<ul>\n<li>\n<p>Reker og majones<\/p>\n<\/li>\n<li>\n<p>Roastbiff, lauk og remulade<\/p>\n<\/li>\n<li>\n<p>Spekeskinke og potetsalat<\/p>\n<\/li>\n<li>\n<p>R\u00f8ykelaks og egger\u00f8re<\/p>\n<\/li>\n<li>\n<p>Karbonade med lauk<\/p>\n<\/li>\n<li>\n<p>Kalkunfilet, raudlauk, tomat og aioli<\/p>\n<\/li>\n<\/ul>\n<\/li>\n<\/ul>\n<p><strong>Pris pr sm\u00f8rbr\u00f8d: 95 kr<\/strong><\/p>\n<p>&nbsp;<\/p>\n<ul>\n<li style=\"list-style-type: none;\">\u00a0<\/li>\n<\/ul>\n<p class=\"ecxMsoNormal\"><em>Club Sandwich:<\/em><\/p>\n<ul>\n<li>\n<p>Sandwich med to lag p\u00e5legg (kalkunbryst) mellom tre br\u00f8dskiver.<br \/><br \/>Dei delast i to trekanter, der eine trekanten utgjer ein sandwich<strong> &#8211; 95 kr pr sandwich<\/strong><\/p>\n<\/li>\n<\/ul>\n<p><br \/><br \/><br \/><i>Baguett:<\/i><\/p>\n<ul>\n<li>\n<p>Ost og skinke &#8211; <strong>89 kr<\/strong><\/p>\n<\/li>\n<li>\n<p>Egg og tomat &#8211; <strong>89 kr<\/strong><\/p>\n<\/li>\n<li>\n<p>Reker og majones &#8211; <strong>99 kr<\/strong><\/p>\n<\/li>\n<li>\n<p>Roastbiff og lauk &#8211; <strong>99 kr<\/strong><\/p>\n<\/li>\n<\/ul>\n<p>&nbsp;<\/p>\n<p><i>T-briks:<\/i><\/p>\n<ul>\n<li>\n<p>Ost og skinke &#8211; 89 kr<\/p>\n<\/li>\n<li>\n<p>Kalkunfilet, raudlauk, aioli og tomat &#8211; 99 kr<\/p>\n<\/li>\n<\/ul>\n<p><br \/><br \/><br \/><em><strong>1\/2 Rundstykke med:<\/strong><\/em><\/p>\n<ul>\n<li>\n<p>Ost og paprika &#8211; 49 kr<\/p>\n<\/li>\n<li>\n<p>Skinke og agurk &#8211; 49 kr<\/p>\n<\/li>\n<li>\n<p>Ost og skinke &#8211; 59 kr<\/p>\n<\/li>\n<\/ul>\n<p class=\"heading wordwrapfix\"><br \/><br \/><br \/><br \/><br \/><em>Salg-og leveringsvilk\u00e5r<\/em><\/p>\n<div class=\"content\">\n<p><strong><em>Levering:<\/em><\/strong><\/p>\n<div class=\"content\">\n<p><em>Me\u00a0leverer i heile Hallingdal. Om du vil spare deg for utgiftene ved levering, og heller hente sj\u00f8lv, kan det gjerast avtale om det.<\/em><br \/><br \/>Me heldt til p\u00e5 Sundre Gjestestugu, \u00c5l &#8211; s\u00e5 levering\/henting foreg\u00e5r der.<br \/><br \/><em>Prisar:<\/em><br \/><br \/>Dei avtalte prisane er dei prisane som st\u00e5r p\u00e5 ordrebekreftinga.<br \/><br \/>For &laquo;spesialrettar&raquo;\u00a0 (allergier, vegetar, veganer, oa) der me m\u00e5 bytte ut r\u00e5varer med det me nytter til vanleg, kan det kome tillegg i pris.<br \/><br \/>I tillegg kjem prisen for transport.<br \/><br \/>Pris p\u00e5 levering:<br \/>\u2022 M\u00e5ndag &#8211; fredag: kr 20,-pr km<br \/>\u2022 Laurdag &#8211; sundag: kr 25,-pr km<br \/>\u2022 Andre helligdagar: kr 30,-pr km<br \/><br \/><strong>Minstepris p\u00e5 levering er kr 200,-<\/strong><br \/><br \/><em>Betaling:<\/em><br \/>Kontantbetaling ved henting (kontant\/kort) eller faktura tilsendt p\u00e5 e-post.<br \/><br \/><em>Utstyr:<\/em><br \/>Maten me leverer kan leverast p\u00e5 glassfat\/bolle, st\u00e5lfat\/bolle, bakker, termokassar, m. m (eller eingongsfat\/sk\u00e5ler) ut i fr\u00e5 det me meiner h\u00f8ver best. Dette utstyr m\u00e5 leverast tilbake i rett antall innan 3 dagar.<br \/><br \/><em>Endring av ordre:<\/em><br \/>Viss det skal gjerast endringar p\u00e5 bestilling, m\u00e5 det skje seinast 2 dagar f\u00f8r levering.<\/p>\n<\/div>\n<\/div>\n\n\n<p><\/p>\n","protected":false},"excerpt":{"rendered":"<p>Dette er prisar for catering. Salgs og leveringsvilk\u00e5r finn du nederst p\u00e5 sida. Pris for koldtbord, sm\u00e5mat, sm\u00f8rbr\u00f8d ol i forbindelse med leige av selskapslokale\/m\u00f8terom finn de under fana &laquo;Selskapslokale\/m\u00f8terom&raquo;. \u00a0 Lunsj-og middagsalat Pastasalat med skinke &#8211; 149 kr \u00a0pr person Pastasalat med kylling &#8211; 149 kr\u00a0pr person Salatane vert levert med br\u00f8d og sm\u00f8r. Snittar med: Reker og majones Roastbiff, lauk og remulade Spekeskinke og potetsalat R\u00f8ykelaks og egger\u00f8re Kalkunfilet, raudlauk, tomat og aioli Pris pr snitt: 49 kr Klassiske sm\u00f8rbr\u00f8d med: Reker og majones Roastbiff, lauk og remulade Spekeskinke og potetsalat R\u00f8ykelaks og egger\u00f8re Karbonade med lauk Kalkunfilet,&#8230; <\/p>\n","protected":false},"author":1,"featured_media":0,"parent":0,"menu_order":5,"comment_status":"closed","ping_status":"closed","template":"","meta":{"footnotes":""},"class_list":["post-27","page","type-page","status-publish","hentry"],"_links":{"self":[{"href":"http:\/\/makalausmat.no\/index.php?rest_route=\/wp\/v2\/pages\/27","targetHints":{"allow":["GET"]}}],"collection":[{"href":"http:\/\/makalausmat.no\/index.php?rest_route=\/wp\/v2\/pages"}],"about":[{"href":"http:\/\/makalausmat.no\/index.php?rest_route=\/wp\/v2\/types\/page"}],"author":[{"embeddable":true,"href":"http:\/\/makalausmat.no\/index.php?rest_route=\/wp\/v2\/users\/1"}],"replies":[{"embeddable":true,"href":"http:\/\/makalausmat.no\/index.php?rest_route=%2Fwp%2Fv2%2Fcomments&post=27"}],"version-history":[{"count":49,"href":"http:\/\/makalausmat.no\/index.php?rest_route=\/wp\/v2\/pages\/27\/revisions"}],"predecessor-version":[{"id":903,"href":"http:\/\/makalausmat.no\/index.php?rest_route=\/wp\/v2\/pages\/27\/revisions\/903"}],"wp:attachment":[{"href":"http:\/\/makalausmat.no\/index.php?rest_route=%2Fwp%2Fv2%2Fmedia&parent=27"}],"curies":[{"name":"wp","href":"https:\/\/api.w.org\/{rel}","templated":true}]}}